{"id":3,"date":"2024-10-24T09:21:35","date_gmt":"2024-10-24T09:21:35","guid":{"rendered":"http:\/\/courpack.de\/?page_id=3"},"modified":"2024-10-25T15:02:10","modified_gmt":"2024-10-25T15:02:10","slug":"datenschutz","status":"publish","type":"page","link":"https:\/\/vitalhane.de\/en\/datenschutz\/","title":{"rendered":"Data protection"},"content":{"rendered":"<div data-elementor-type=\"wp-page\" data-elementor-id=\"3\" class=\"elementor elementor-3\" data-elementor-post-type=\"page\">\n\t\t\t\t\t\t<section class=\"elementor-section elementor-top-section elementor-element elementor-element-74ba198 elementor-section-boxed elementor-section-height-default elementor-section-height-default wpr-particle-no wpr-jarallax-no wpr-parallax-no wpr-sticky-section-no\" data-id=\"74ba198\" data-element_type=\"section\" data-settings=\"{&quot;background_background&quot;:&quot;classic&quot;}\">\n\t\t\t\t\t\t<div class=\"elementor-container elementor-column-gap-default\">\n\t\t\t\t\t<div class=\"elementor-column elementor-col-50 elementor-top-column elementor-element elementor-element-b12fffa\" data-id=\"b12fffa\" data-element_type=\"column\">\n\t\t\t<div class=\"elementor-widget-wrap elementor-element-populated\">\n\t\t\t\t\t\t<div class=\"elementor-element elementor-element-1a946db elementor-invisible elementor-widget elementor-widget-heading\" data-id=\"1a946db\" data-element_type=\"widget\" data-settings=\"{&quot;_animation&quot;:&quot;fadeInUp&quot;}\" data-widget_type=\"heading.default\">\n\t\t\t\t<div class=\"elementor-widget-container\">\n\t\t\t\t\t<h2 class=\"elementor-heading-title elementor-size-default\">Data protection<\/h2>\t\t\t\t<\/div>\n\t\t\t\t<\/div>\n\t\t\t\t\t<\/div>\n\t\t<\/div>\n\t\t\t\t<div class=\"elementor-column elementor-col-50 elementor-top-column elementor-element elementor-element-7e54d9a\" data-id=\"7e54d9a\" data-element_type=\"column\">\n\t\t\t<div class=\"elementor-widget-wrap elementor-element-populated\">\n\t\t\t\t\t\t<div class=\"elementor-element elementor-element-06b1b0c elementor-invisible elementor-widget elementor-widget-image\" data-id=\"06b1b0c\" data-element_type=\"widget\" data-settings=\"{&quot;_animation&quot;:&quot;fadeInRight&quot;}\" data-widget_type=\"image.default\">\n\t\t\t\t<div class=\"elementor-widget-container\">\n\t\t\t\t\t\t\t\t\t\t\t\t\t\t\t<img fetchpriority=\"high\" decoding=\"async\" width=\"600\" height=\"493\" src=\"https:\/\/vitalhane.de\/wp-content\/uploads\/2024\/10\/removal.ai_ab9af730-cbec-43f0-b423-e76170238590-businessman-logging-his-tablet.png\" class=\"attachment-large size-large wp-image-795\" alt=\"Mann mit Tablet und Sicherheitsemblem\" srcset=\"https:\/\/vitalhane.de\/wp-content\/uploads\/2024\/10\/removal.ai_ab9af730-cbec-43f0-b423-e76170238590-businessman-logging-his-tablet.png 600w, https:\/\/vitalhane.de\/wp-content\/uploads\/2024\/10\/removal.ai_ab9af730-cbec-43f0-b423-e76170238590-businessman-logging-his-tablet-300x247.png 300w\" sizes=\"(max-width: 600px) 100vw, 600px\" \/>\t\t\t\t\t\t\t\t\t\t\t\t\t\t\t<\/div>\n\t\t\t\t<\/div>\n\t\t\t\t\t<\/div>\n\t\t<\/div>\n\t\t\t\t\t<\/div>\n\t\t<\/section>\n\t\t\t\t<section class=\"elementor-section elementor-top-section elementor-element elementor-element-393a2f4 elementor-section-boxed elementor-section-height-default elementor-section-height-default wpr-particle-no wpr-jarallax-no wpr-parallax-no wpr-sticky-section-no\" data-id=\"393a2f4\" data-element_type=\"section\" data-settings=\"{&quot;background_background&quot;:&quot;classic&quot;}\">\n\t\t\t\t\t\t<div class=\"elementor-container elementor-column-gap-default\">\n\t\t\t\t\t<div class=\"elementor-column elementor-col-100 elementor-top-column elementor-element elementor-element-7960e88\" data-id=\"7960e88\" data-element_type=\"column\">\n\t\t\t<div class=\"elementor-widget-wrap elementor-element-populated\">\n\t\t\t\t\t\t<div class=\"elementor-element elementor-element-580c823 elementor-invisible elementor-widget elementor-widget-heading\" data-id=\"580c823\" data-element_type=\"widget\" data-settings=\"{&quot;_animation&quot;:&quot;slideInLeft&quot;,&quot;_animation_delay&quot;:100}\" data-widget_type=\"heading.default\">\n\t\t\t\t<div class=\"elementor-widget-container\">\n\t\t\t\t\t<h2 class=\"elementor-heading-title elementor-size-default\">Privacy policy<\/h2>\t\t\t\t<\/div>\n\t\t\t\t<\/div>\n\t\t\t\t<div class=\"elementor-element elementor-element-30567c2 elementor-widget elementor-widget-heading\" data-id=\"30567c2\" data-element_type=\"widget\" data-widget_type=\"heading.default\">\n\t\t\t\t<div class=\"elementor-widget-container\">\n\t\t\t\t\t<h2 class=\"elementor-heading-title elementor-size-default\">This privacy policy explains the nature, scope and purpose of the processing of personal data (hereinafter referred to as \"data\") on our website [your website name].\n\n<\/h2>\t\t\t\t<\/div>\n\t\t\t\t<\/div>\n\t\t\t\t<div class=\"elementor-element elementor-element-3cd3eaa elementor-widget-divider--view-line elementor-invisible elementor-widget elementor-widget-divider\" data-id=\"3cd3eaa\" data-element_type=\"widget\" data-settings=\"{&quot;_animation&quot;:&quot;slideInLeft&quot;,&quot;_animation_delay&quot;:200}\" data-widget_type=\"divider.default\">\n\t\t\t\t<div class=\"elementor-widget-container\">\n\t\t\t\t\t\t\t<div class=\"elementor-divider\">\n\t\t\t<span class=\"elementor-divider-separator\">\n\t\t\t\t\t\t<\/span>\n\t\t<\/div>\n\t\t\t\t\t\t<\/div>\n\t\t\t\t<\/div>\n\t\t\t\t<div class=\"elementor-element elementor-element-41483a9 elementor-widget elementor-widget-text-editor\" data-id=\"41483a9\" data-element_type=\"widget\" data-widget_type=\"text-editor.default\">\n\t\t\t\t<div class=\"elementor-widget-container\">\n\t\t\t\t\t\t\t\t\t<div class=\"section\"><h2>1. responsible person<\/h2><p>The controller responsible for data processing on this website within the meaning of the General Data Protection Regulation (GDPR) is<\/p><p>Darksn GmbH<br \/>Teinacher Str. 46, 71634 Ludwigsburg<br \/><a href=\"mailto:info@darksn.de\">info@darksn.de<\/a><\/p><\/div><div class=\"section\"><h2>2. data collection when visiting our website<\/h2><p>If you only use our website for informational purposes, we only collect the data that your browser transmits to our server (so-called \"server log files\"). When you visit our website, we collect the following data, which is technically necessary for us to display the website to you:<\/p><ul><li>Visited page on our domain<\/li><li>Date and time of the server request<\/li><li>Browser type and browser version<\/li><li>Operating system used<\/li><li>Referrer URL (the previously visited page)<\/li><li>Host name of the accessing computer (IP address)<\/li><li>Amount of data sent in bytes<\/li><\/ul><p>The processing is carried out in accordance with Art. 6 para. 1 lit. f GDPR on the basis of our legitimate interest in improving the stability and functionality of our website. The data is not passed on or used in any other way. However, we reserve the right to check the server log files retrospectively if there are concrete indications of unlawful use.<\/p><\/div><div class=\"section\"><h2>3. contact form<\/h2><p>If you send us inquiries via the contact form, your details from the inquiry form, including the contact details you provide there, will be stored by us for the purpose of processing the inquiry and in the event of follow-up questions. We will not pass on this data without your consent.<\/p><p>The data entered in the contact form is therefore processed exclusively on the basis of your consent (Art. 6 para. 1 lit. a GDPR). You can revoke this consent at any time. All you need to do is send us an informal email. The legality of the data processing operations carried out until the revocation remains unaffected by the revocation.<\/p><p>We will retain the data you provide on the contact form until you request its deletion, revoke your consent for its storage, or the purpose for its storage no longer pertains (e.g. after fulfilling your request). Mandatory statutory provisions - in particular retention periods - remain unaffected.<\/p><\/div><div class=\"section\"><h2>4. cookies<\/h2><p>Our website uses cookies. These are small text files that your web browser stores on your end device. Cookies help us to make our website more user-friendly, effective and secure. Some cookies are \"session cookies\" that are automatically deleted at the end of your browser session. Other cookies remain stored on your end device until you delete them. Such cookies enable us to recognize your browser on your next visit.<\/p><p>You can set your browser so that you are informed about the setting of cookies and only allow cookies in individual cases, exclude the acceptance of cookies for certain cases or in general and activate the automatic deletion of cookies when closing the browser. If cookies are deactivated, the functionality of this website may be restricted.<\/p><\/div><div class=\"section\"><h2>5. google analytics<\/h2><p>This website uses functions of the web analysis service Google Analytics. The provider is Google Ireland Limited (\"Google\"), Gordon House, Barrow Street, Dublin 4, Ireland.<\/p><p>Google Analytics uses cookies. These are text files that are stored on your computer and enable your use of the website to be analyzed. The information generated by the cookie about your use of this website is usually transferred to a Google server in the USA and stored there.<\/p><p>Google Analytics cookies are stored on the basis of Art. 6 para. 1 lit. f GDPR. The website operator has a legitimate interest in analyzing user behavior in order to optimize both its website and its advertising.<\/p><\/div><div class=\"section\"><h2>6. your rights<\/h2><p>You have the right to free information about your stored personal data, its origin and recipient and the purpose of the data processing as well as a right to correction, blocking or deletion of this data at any time. You can contact us at any time at the address given in the legal notice if you have further questions on the subject of personal data.<\/p><\/div><div class=\"section\"><h2>7. objection to advertising e-mails<\/h2><p>We hereby object to the use of contact data published as part of our obligation to provide a legal notice for the purpose of sending unsolicited advertising and information material. The operators of this website expressly reserve the right to take legal action in the event of the unsolicited sending of advertising information, such as spam e-mails.<\/p><\/div>\t\t\t\t\t\t\t\t<\/div>\n\t\t\t\t<\/div>\n\t\t\t\t\t<\/div>\n\t\t<\/div>\n\t\t\t\t\t<\/div>\n\t\t<\/section>\n\t\t\t\t<\/div>","protected":false},"excerpt":{"rendered":"<p>Datenschutz Datenschutzerkl\u00e4rung Diese Datenschutzerkl\u00e4rung kl\u00e4rt Sie \u00fcber die Art, den Umfang und Zweck der Verarbeitung von personenbezogenen Daten (nachfolgend kurz \u201eDaten\u201c) auf unserer Webseite [Ihr Webseitenname] auf. 1. Verantwortlicher Verantwortlicher f\u00fcr die Datenverarbeitung auf dieser Webseite im Sinne der Datenschutz-Grundverordnung (DSGVO) ist: Darksn GmbHTeinacher Str. 46, 71634 Ludwigsburginfo@darksn.de 2. Datenerfassung beim Besuch unserer Webseite Wenn Sie unsere Webseite nur informatorisch nutzen, erheben wir nur solche Daten, die Ihr Browser an unseren Server \u00fcbermittelt (sog. \u201eServer-Logfiles\u201c). Wenn Sie unsere Webseite besuchen, erheben wir die folgenden Daten, die f\u00fcr uns technisch erforderlich sind, um Ihnen die Webseite anzuzeigen: Besuchte Seite auf unserer Domain Datum und Uhrzeit der Serveranfrage Browsertyp und Browserversion Verwendetes Betriebssystem Referrer URL (die zuvor besuchte Seite) Hostname des zugreifenden Rechners (IP-Adresse) Menge der gesendeten Daten in Byte Die Verarbeitung erfolgt gem\u00e4\u00df Art. 6 Abs. 1 lit. f DSGVO auf Basis unseres berechtigten Interesses an der Verbesserung der Stabilit\u00e4t und Funktionalit\u00e4t unserer Webseite. Eine Weitergabe oder anderweitige Verwendung der Daten findet nicht statt. Wir behalten uns jedoch vor, die Server-Logfiles nachtr\u00e4glich zu \u00fcberpr\u00fcfen, sollten konkrete Anhaltspunkte auf eine rechtswidrige Nutzung hinweisen. 3. Kontaktformular Wenn Sie uns per Kontaktformular Anfragen zukommen lassen, werden Ihre Angaben aus dem Anfrageformular inklusive der von Ihnen dort angegebenen Kontaktdaten zwecks Bearbeitung der Anfrage und f\u00fcr den Fall von Anschlussfragen bei uns gespeichert. Diese Daten geben wir nicht ohne Ihre Einwilligung weiter. Die Verarbeitung der in das Kontaktformular eingegebenen Daten erfolgt somit ausschlie\u00dflich auf Grundlage Ihrer Einwilligung (Art. 6 Abs. 1 lit. a DSGVO). Sie k\u00f6nnen diese Einwilligung jederzeit widerrufen. Dazu reicht eine formlose Mitteilung per E-Mail an uns. Die Rechtm\u00e4\u00dfigkeit der bis zum Widerruf erfolgten Datenverarbeitungsvorg\u00e4nge bleibt vom Widerruf unber\u00fchrt. Die von Ihnen im Kontaktformular eingegebenen Daten verbleiben bei uns, bis Sie uns zur L\u00f6schung auffordern, Ihre Einwilligung zur Speicherung widerrufen oder der Zweck f\u00fcr die Datenspeicherung entf\u00e4llt (z. B. nach abgeschlossener Bearbeitung Ihrer Anfrage). Zwingende gesetzliche Bestimmungen \u2013 insbesondere Aufbewahrungsfristen \u2013 bleiben unber\u00fchrt. 4. Cookies Unsere Webseite verwendet Cookies. Das sind kleine Textdateien, die Ihr Webbrowser auf Ihrem Endger\u00e4t speichert. Cookies helfen uns dabei, unser Angebot nutzerfreundlicher, effektiver und sicherer zu machen. Einige Cookies sind \u201eSession-Cookies\u201c, die nach Ende Ihrer Browser-Sitzung automatisch gel\u00f6scht werden. Andere Cookies bleiben auf Ihrem Endger\u00e4t gespeichert, bis Sie diese l\u00f6schen. Solche Cookies erm\u00f6glichen es uns, Ihren Browser beim n\u00e4chsten Besuch wiederzuerkennen. Sie k\u00f6nnen Ihren Browser so einstellen, dass Sie \u00fcber das Setzen von Cookies informiert werden und Cookies nur im Einzelfall erlauben, die Annahme von Cookies f\u00fcr bestimmte F\u00e4lle oder generell ausschlie\u00dfen sowie das automatische L\u00f6schen der Cookies beim Schlie\u00dfen des Browser aktivieren. Bei der Deaktivierung von Cookies kann die Funktionalit\u00e4t dieser Webseite eingeschr\u00e4nkt sein. 5. Google Analytics Diese Webseite nutzt Funktionen des Webanalysedienstes Google Analytics. Anbieter ist die Google Ireland Limited (\u201eGoogle\u201c), Gordon House, Barrow Street, Dublin 4, Irland. Google Analytics verwendet Cookies. Das sind Textdateien, die auf Ihrem Computer gespeichert werden und die eine Analyse der Benutzung der Webseite durch Sie erm\u00f6glichen. Die durch den Cookie erzeugten Informationen \u00fcber Ihre Benutzung dieser Webseite werden in der Regel an einen Server von Google in den USA \u00fcbertragen und dort gespeichert. Die Speicherung von Google-Analytics-Cookies erfolgt auf Grundlage von Art. 6 Abs. 1 lit. f DSGVO. Der Webseitenbetreiber hat ein berechtigtes Interesse an der Analyse des Nutzerverhaltens, um sowohl sein Webangebot als auch seine Werbung zu optimieren. 6. Ihre Rechte Sie haben jederzeit das Recht auf unentgeltliche Auskunft \u00fcber Ihre gespeicherten personenbezogenen Daten, deren Herkunft und Empf\u00e4nger und den Zweck der Datenverarbeitung sowie ein Recht auf Berichtigung, Sperrung oder L\u00f6schung dieser Daten. Hierzu sowie zu weiteren Fragen zum Thema personenbezogene Daten k\u00f6nnen Sie sich jederzeit unter der im Impressum angegebenen Adresse an uns wenden. 7. Widerspruch gegen Werbe-Mails Der Nutzung von im Rahmen der Impressumspflicht ver\u00f6ffentlichten Kontaktdaten zur \u00dcbersendung von nicht ausdr\u00fccklich angeforderter Werbung und Informationsmaterialien wird hiermit widersprochen. Die Betreiber der Seiten behalten sich ausdr\u00fccklich rechtliche Schritte im Falle der unverlangten Zusendung von Werbeinformationen, etwa durch Spam-E-Mails, vor.<\/p>","protected":false},"author":1,"featured_media":0,"parent":0,"menu_order":0,"comment_status":"closed","ping_status":"closed","template":"elementor_header_footer","meta":{"footnotes":""},"class_list":["post-3","page","type-page","status-publish","hentry"],"_links":{"self":[{"href":"https:\/\/vitalhane.de\/en\/wp-json\/wp\/v2\/pages\/3","targetHints":{"allow":["GET"]}}],"collection":[{"href":"https:\/\/vitalhane.de\/en\/wp-json\/wp\/v2\/pages"}],"about":[{"href":"https:\/\/vitalhane.de\/en\/wp-json\/wp\/v2\/types\/page"}],"author":[{"embeddable":true,"href":"https:\/\/vitalhane.de\/en\/wp-json\/wp\/v2\/users\/1"}],"replies":[{"embeddable":true,"href":"https:\/\/vitalhane.de\/en\/wp-json\/wp\/v2\/comments?post=3"}],"version-history":[{"count":0,"href":"https:\/\/vitalhane.de\/en\/wp-json\/wp\/v2\/pages\/3\/revisions"}],"wp:attachment":[{"href":"https:\/\/vitalhane.de\/en\/wp-json\/wp\/v2\/media?parent=3"}],"curies":[{"name":"wp","href":"https:\/\/api.w.org\/{rel}","templated":true}]}}