{"id":1873,"date":"2024-11-17T13:11:55","date_gmt":"2024-11-17T13:11:55","guid":{"rendered":"https:\/\/vitalhane.de\/?page_id=1873"},"modified":"2024-11-17T13:13:59","modified_gmt":"2024-11-17T13:13:59","slug":"umfrage-copy-950-copy-1869","status":"publish","type":"page","link":"https:\/\/vitalhane.de\/en\/umfrage-copy-950-copy-1869\/","title":{"rendered":"Umfrage-[Copy #950]-[Copy #1869]"},"content":{"rendered":"<div data-elementor-type=\"wp-page\" data-elementor-id=\"1873\" class=\"elementor elementor-1873\" data-elementor-post-type=\"page\">\n\t\t\t\t<div class=\"elementor-element elementor-element-d4360c4 e-flex e-con-boxed wpr-particle-no wpr-jarallax-no wpr-parallax-no wpr-sticky-section-no e-con e-parent\" data-id=\"d4360c4\" data-element_type=\"container\">\n\t\t\t\t\t<div class=\"e-con-inner\">\n\t\t\t\t<div class=\"elementor-element elementor-element-fd7fb2a elementor-widget elementor-widget-html\" data-id=\"fd7fb2a\" data-element_type=\"widget\" data-widget_type=\"html.default\">\n\t\t\t\t<div class=\"elementor-widget-container\">\n\t\t\t\t\t<!DOCTYPE html>\r\n<html lang=\"de\">\r\n<head>\r\n    <meta charset=\"UTF-8\">\r\n    <style>\r\n        :root {\r\n            --primary: #79D779;\r\n            --white: #ffffff;\r\n        }\r\n        \r\n        body {\r\n            font-family: 'Segoe UI', Tahoma, Geneva, Verdana, sans-serif;\r\n            margin: 0;\r\n            padding: 0;\r\n            background: var(--white);\r\n            color: #333;\r\n            min-height: 100vh;\r\n        }\r\n        \r\n        .container {\r\n            max-width: 800px;\r\n            margin: 0 auto;\r\n            padding: 2rem;\r\n        }\r\n        \r\n        .thank-you-card {\r\n            background: var(--white);\r\n            border-radius: 15px;\r\n            box-shadow: 0 10px 30px rgba(121, 215, 121, 0.1);\r\n            padding: 2rem;\r\n            text-align: center;\r\n            position: relative;\r\n            overflow: hidden;\r\n        }\r\n        \r\n        .thank-you-card::before {\r\n            content: '';\r\n            position: absolute;\r\n            top: 0;\r\n            left: 0;\r\n            width: 100%;\r\n            height: 5px;\r\n            background: var(--primary);\r\n        }\r\n        \r\n        h1 {\r\n            color: var(--primary);\r\n            font-size: 2.5rem;\r\n            margin-bottom: 1.5rem;\r\n            position: relative;\r\n            display: inline-block;\r\n        }\r\n        \r\n        h2 {\r\n            color: #444;\r\n            font-size: 1.8rem;\r\n            margin-bottom: 1rem;\r\n        }\r\n        \r\n        .contact-list {\r\n            list-style: none;\r\n            padding: 0;\r\n            margin: 2rem 0;\r\n            display: flex;\r\n            justify-content: center;\r\n            gap: 2rem;\r\n            flex-wrap: wrap;\r\n        }\r\n        \r\n        .contact-item {\r\n            padding: 1rem;\r\n            background: #f8f8f8;\r\n            border-radius: 10px;\r\n            transition: transform 0.3s ease;\r\n            cursor: pointer;\r\n        }\r\n        \r\n        .contact-item:hover {\r\n            transform: translateY(-5px);\r\n            box-shadow: 0 5px 15px rgba(121, 215, 121, 0.2);\r\n        }\r\n        \r\n        .contact-link {\r\n            text-decoration: none;\r\n            color: #333;\r\n            display: flex;\r\n            align-items: center;\r\n            gap: 0.5rem;\r\n        }\r\n        \r\n        .icon {\r\n            font-size: 1.5rem;\r\n            color: var(--primary);\r\n        }\r\n        \r\n        .next-steps {\r\n            margin: 2rem 0;\r\n            padding: 1.5rem;\r\n            background: rgba(121, 215, 121, 0.1);\r\n            border-radius: 10px;\r\n        }\r\n        \r\n        .next-steps ul {\r\n            list-style: none;\r\n            padding: 0;\r\n        }\r\n        \r\n        .next-steps li {\r\n            margin: 1rem 0;\r\n            padding-left: 1.5rem;\r\n            position: relative;\r\n        }\r\n        \r\n        .next-steps li::before {\r\n            content: '\u2022';\r\n            color: var(--primary);\r\n            font-size: 1.5rem;\r\n            position: absolute;\r\n            left: 0;\r\n        }\r\n        \r\n        .animate-in {\r\n            animation: slideUp 0.6s ease forwards;\r\n            opacity: 0;\r\n        }\r\n        \r\n        \/* Neuer Home-Button Style *\/\r\n        .home-button {\r\n            display: inline-block;\r\n            margin-top: 2rem;\r\n            padding: 1rem 2rem;\r\n            background-color: var(--primary);\r\n            color: var(--white);\r\n            text-decoration: none;\r\n            border-radius: 25px;\r\n            font-weight: 600;\r\n            transition: all 0.3s ease;\r\n            border: 2px solid var(--primary);\r\n        }\r\n        \r\n        .home-button:hover {\r\n            background-color: var(--white);\r\n            color: var(--primary);\r\n            transform: translateY(-3px);\r\n            box-shadow: 0 5px 15px rgba(121, 215, 121, 0.3);\r\n        }\r\n        \r\n        .home-button .icon {\r\n            color: currentColor;\r\n            margin-right: 0.5rem;\r\n        }\r\n        \r\n        @keyframes slideUp {\r\n            from {\r\n                transform: translateY(20px);\r\n                opacity: 0;\r\n            }\r\n            to {\r\n                transform: translateY(0);\r\n                opacity: 1;\r\n            }\r\n        }\r\n    <\/style>\r\n<\/head>\r\n<body>\r\n    <div class=\"container\">\r\n        <div class=\"thank-you-card animate-in\">\r\n            <h1>Thank you for your feedback!<\/h1>\r\n            <p>Your feedback helps us to further improve our service and offer you the best possible support.<\/p>\r\n            \r\n            <div class=\"next-steps\">\r\n                <h2>What's next?<\/h2>\r\n                <ul>\r\n                    <li>Do you have any questions or requests? Do not hesitate to contact us!<\/li>\r\n                    <li>Stay tuned! We look forward to continuing to accompany you on your journey.<\/li>\r\n                <\/ul>\r\n            <\/div>\r\n            \r\n            <h2>Contact options<\/h2>\r\n            <ul class=\"contact-list\">\r\n                <li class=\"contact-item\">\r\n                    <a href=\"mailto:info@vitalhane.de\" class=\"contact-link\">\r\n                        <span class=\"icon\">\ud83d\udce7<\/span>\r\n                        info@vitalhane.de\r\n                    <\/a>\r\n                <\/li>\r\n                <li class=\"contact-item\">\r\n                    <a href=\"tel:+4915737224138\" class=\"contact-link\">\r\n                        <span class=\"icon\">\ud83d\udcde<\/span>\r\n                        +49 1573 7224138\r\n                    <\/a>\r\n                <\/li>\r\n                <li class=\"contact-item\">\r\n                    <a href=\"https:\/\/vitalhane.de\/en\/\" class=\"contact-link\" target=\"_blank\">\r\n                        <span class=\"icon\">\ud83c\udf10<\/span>\r\n                        www.vitalhane.de\r\n                    <\/a>\r\n                <\/li>\r\n            <\/ul>\r\n            \r\n            <!-- Neuer Home-Button -->\r\n            <a href=\"https:\/\/vitalhane.de\/en\/\" class=\"home-button\">\r\n                <span class=\"icon\">\ud83c\udfe0<\/span>\r\n                To the homepage\r\n            <\/a>\r\n        <\/div>\r\n    <\/div>\r\n\r\n    <script>\r\n        document.addEventListener('DOMContentLoaded', function() {\r\n            const elements = document.querySelectorAll('.animate-in');\r\n            elements.forEach((element, index) => {\r\n                element.style.animationDelay = `${index * 0.2}s`;\r\n            });\r\n            \r\n            const contactItems = document.querySelectorAll('.contact-item');\r\n            contactItems.forEach(item => {\r\n                item.addEventListener('mouseover', function() {\r\n                    this.style.backgroundColor = 'rgba(121, 215, 121, 0.1)';\r\n                });\r\n                \r\n                item.addEventListener('mouseout', function() {\r\n                    this.style.backgroundColor = '#f8f8f8';\r\n                });\r\n            });\r\n        });\r\n    <\/script>\r\n<\/body>\r\n<\/html>\t\t\t\t<\/div>\n\t\t\t\t<\/div>\n\t\t\t\t\t<\/div>\n\t\t\t\t<\/div>\n\t\t\t\t<\/div>","protected":false},"excerpt":{"rendered":"<p>Danke f\u00fcr Ihr Feedback! Ihr Feedback hilft uns, unseren Service weiter zu verbessern und Ihnen die bestm\u00f6gliche Unterst\u00fctzung zu bieten. Was als N\u00e4chstes? Haben Sie Fragen oder W\u00fcnsche? Z\u00f6gern Sie nicht, uns zu kontaktieren! Bleiben Sie dran! Wir freuen uns, Sie weiterhin auf Ihrem Weg zu begleiten. Kontaktm\u00f6glichkeiten \ud83d\udce7 info@vitalhane.de \ud83d\udcde +49 1573 7224138 \ud83c\udf10 www.vitalhane.de \ud83c\udfe0 Zur Startseite<\/p>","protected":false},"author":1,"featured_media":0,"parent":0,"menu_order":0,"comment_status":"closed","ping_status":"closed","template":"elementor_canvas","meta":{"footnotes":""},"class_list":["post-1873","page","type-page","status-publish","hentry"],"_links":{"self":[{"href":"https:\/\/vitalhane.de\/en\/wp-json\/wp\/v2\/pages\/1873","targetHints":{"allow":["GET"]}}],"collection":[{"href":"https:\/\/vitalhane.de\/en\/wp-json\/wp\/v2\/pages"}],"about":[{"href":"https:\/\/vitalhane.de\/en\/wp-json\/wp\/v2\/types\/page"}],"author":[{"embeddable":true,"href":"https:\/\/vitalhane.de\/en\/wp-json\/wp\/v2\/users\/1"}],"replies":[{"embeddable":true,"href":"https:\/\/vitalhane.de\/en\/wp-json\/wp\/v2\/comments?post=1873"}],"version-history":[{"count":0,"href":"https:\/\/vitalhane.de\/en\/wp-json\/wp\/v2\/pages\/1873\/revisions"}],"wp:attachment":[{"href":"https:\/\/vitalhane.de\/en\/wp-json\/wp\/v2\/media?parent=1873"}],"curies":[{"name":"wp","href":"https:\/\/api.w.org\/{rel}","templated":true}]}}